{"id":24,"date":"2015-02-22T20:09:44","date_gmt":"2015-02-22T20:09:44","guid":{"rendered":"http:\/\/wp\/enfold-medium-business\/?page_id=24"},"modified":"2025-11-27T15:46:21","modified_gmt":"2025-11-27T14:46:21","slug":"products","status":"publish","type":"page","link":"https:\/\/agatemarketing.fr\/","title":{"rendered":"A propos"},"content":{"rendered":"<\/div><\/div><\/div><!-- close content main div --><\/div><\/div><div id='av_section_1' class='avia-section main_color avia-section-no-padding avia-no-border-styling avia-bg-style-scroll  av-minimum-height av-minimum-height-75 container_wrap sidebar_right' style = 'background-color: #ffffff; background-color: #ffffff; '  ><div class='container' ><div class='template-page content  av-content-small alpha units'><div class='post-entry post-entry-type-page post-entry-24'><div class='entry-content-wrapper clearfix'>\n<div  data-size='extra_large'  data-lightbox_size='large'  data-animation='slide'  data-ids='2340'  data-video_counter='0'  data-autoplay='false'  data-bg_slider='false'  data-slide_height=''  data-handle='av_slideshow'  data-interval='5'  data-class=''  data-css_id=''  data-scroll_down=''  data-control_layout='av-control-default'  data-custom_markup=''  data-perma_caption='aviaTBperma_caption'  data-autoplay_stopper=''  data-image_attachment=''  data-min_height='0px'  data-default-height='100'  class='avia-slideshow avia-slideshow-1  av-control-default av-default-height-applied avia-slideshow-extra_large av_slideshow  avia-slide-slider '  itemscope=\"itemscope\" itemtype=\"https:\/\/schema.org\/ImageObject\" ><ul class='avia-slideshow-inner' style='padding-bottom: 42%;'><li  class=' av-single-slide slide-1 ' ><div data-rel='slideshow-1' class='avia-slide-wrap'  ><img src='https:\/\/agatemarketing.fr\/wp-content\/uploads\/2022\/11\/Photo-page-accueil_ADN.jpg' width='1500' height='630' title='Agate marketing, conseil en marketing communication' alt='Agate marketing, conseil en marketing communication'  itemprop=\"contentURL\"   \/><\/div><\/li><\/ul><\/div>\n<div style='padding-bottom:30px;font-size:30px;' class='av-special-heading av-special-heading-h3  blockquote classic-quote   av-inherit-size'><h3 class='av-special-heading-tag'  itemprop=\"headline\"  >J\u2019accompagne les entreprises dans la construction <span class='special_amp'>&amp;<\/span> le d\u00e9ploiement d\u2019une strat\u00e9gie marketing qui les r\u00e9v\u00e8le.<\/h3><div class='special-heading-border'><div class='special-heading-inner-border' ><\/div><\/div><\/div>\n<div style=' margin-top:30px; margin-bottom:30px;'  class='hr hr-custom hr-center hr-icon-yes '><span class='hr-inner   inner-border-av-border-thin' style=' width:100px; border-color:#d9a842;' ><span class='hr-inner-style'><\/span><\/span><span class='av-seperator-icon'  aria-hidden='true' data-av_icon='\ue86f' data-av_iconfont='entypo-fontello'><\/span><span class='hr-inner   inner-border-av-border-thin' style=' width:100px; border-color:#d9a842;' ><span class='hr-inner-style'><\/span><\/span><\/div>\n<div style='padding-bottom:30px;font-size:30px;' class='av-special-heading av-special-heading-h3  blockquote classic-quote   av-inherit-size'><h3 class='av-special-heading-tag'  itemprop=\"headline\"  >Enchant\u00e9e, je suis Laure !<\/h3><div class='special-heading-border'><div class='special-heading-inner-border' ><\/div><\/div><\/div>\n<div class=\"flex_column av_one_half  flex_column_div av-zero-column-padding first  \" style='border-radius:0px; '><div class='avia-image-container  av-styling-   avia-align-center '  itemscope=\"itemscope\" itemtype=\"https:\/\/schema.org\/ImageObject\"  ><div class='avia-image-container-inner'><img class='avia_image ' src='https:\/\/agatemarketing.fr\/wp-content\/uploads\/2025\/11\/Photo-Booke-2-300x300.jpg' alt='Photo Laure Fradin' title='Photo Laure Fradin'   itemprop=\"contentURL\"  \/><\/div><\/div><\/div><div class=\"flex_column av_one_half  flex_column_div av-zero-column-padding   \" style='border-radius:0px; '><section class=\"av_textblock_section\"  itemscope=\"itemscope\" itemtype=\"https:\/\/schema.org\/CreativeWork\" ><div class='avia_textblock '   itemprop=\"text\" ><h3 class=\"team-member-name\"><span style=\"color: #d9a842;\">Qui suis-je ?<\/span><\/h3>\n<div class=\"team-member-description av_inherit_color\">\n<p>Au tout d\u00e9but de mon parcours, il y a eu l\u2019\u00e9cole\u2026 <strong>et d\u00e9j\u00e0 le marketing<\/strong> !<br \/>\n\u2726 Dipl\u00f4m\u00e9e HEC 2004 majeure Marketing<br \/>\n\u2726 Certifi\u00e9e en marketing digital ESC Clermont 2019<\/p>\n<p>Puis <strong>15 ans en direction marketing et communication<\/strong> au sein de marques de grande consommation, et aussi dans la distribution et le retail.<\/p>\n<p><strong>En 2018, j\u2019ai cr\u00e9\u00e9 Agate marketing<\/strong>, pour conseiller, accompagner, inventer, cr\u00e9er et \u00e9crire la strat\u00e9gie marketing et communication de mes clients.<\/p>\n<p>Depuis 2024, j&rsquo;ai aussi le plaisir de dispenser <strong>des formations en marketing et communication<\/strong> aupr\u00e8s d&rsquo;\u00e9tablissements d&rsquo;enseignement sup\u00e9rieur.<\/p>\n<\/div>\n<\/div><\/section><\/div><div style='height:15px' class='hr hr-invisible '><span class='hr-inner ' ><span class='hr-inner-style'><\/span><\/span><\/div>\n<div style='padding-bottom:30px;font-size:30px;' class='av-special-heading av-special-heading-h3  blockquote classic-quote   av-inherit-size'><h3 class='av-special-heading-tag'  itemprop=\"headline\"  >Experte en marketing et communication, ma strat\u00e9gie pour donner \u00e0 votre projet la visibilit\u00e9 et l\u2018\u00e9nergie qu\u2019il m\u00e9rite est d\u2019\u00eatre :<\/h3><div class='special-heading-border'><div class='special-heading-inner-border' ><\/div><\/div><\/div>\n<div class=\"flex_column av_one_third  av-animated-generic fade-in  no_margin flex_column_div av-zero-column-padding first  \" style='border-radius:0px; '><p><span class=\"av_font_icon avia_animate_when_visible av-icon-style-  avia-icon-pos-center \" style=\"color:#d8a741; border-color:#d8a741;\"><span class='av-icon-char' style='font-size:80px;line-height:80px;' aria-hidden='true' data-av_icon='\ue866' data-av_iconfont='entypo-fontello' ><\/span><\/span><br \/>\n<div style='height:15px' class='hr hr-invisible '><span class='hr-inner ' ><span class='hr-inner-style'><\/span><\/span><\/div><br \/>\n<section class=\"av_textblock_section\"  itemscope=\"itemscope\" itemtype=\"https:\/\/schema.org\/CreativeWork\" ><div class='avia_textblock  av_inherit_color'  style='color:#d9a842; '  itemprop=\"text\" ><p style=\"text-align: center;\"><span style=\"color: #d8a741; font-size: 32px;\"><strong>\u00c9clairante<\/strong><\/span><\/p>\n<\/div><\/section><br \/>\n<section class=\"av_textblock_section\"  itemscope=\"itemscope\" itemtype=\"https:\/\/schema.org\/CreativeWork\" ><div class='avia_textblock  av_inherit_color'  style='font-size:16px; '  itemprop=\"text\" ><p style=\"text-align: center;\"><span style=\"font-size: 16px; color: #0f1827;\"><strong>D\u00e9finir vos<\/strong><strong>\u00a0<\/strong><strong>enjeux marketing,<\/strong><\/span><\/p>\n<p style=\"text-align: center;\"><span style=\"font-size: 16px; color: #0f1827;\"><strong>\u00e0 la lumi\u00e8re du digital<\/strong><\/span><\/p>\n<p style=\"text-align: center;\"><span style=\"font-size: 16px; color: #0f1827;\"><strong>et de l&rsquo;intelligence artificielle.<\/strong><\/span><\/p>\n<\/div><\/section><\/p><\/div><div class=\"flex_column av_one_third  av-animated-generic fade-in  no_margin flex_column_div av-zero-column-padding   \" style='border-radius:0px; '><p><span class=\"av_font_icon avia_animate_when_visible av-icon-style-  avia-icon-pos-center \" style=\"color:#d8a741; border-color:#d8a741;\"><span class='av-icon-char' style='font-size:80px;line-height:80px;' aria-hidden='true' data-av_icon='\ue864' data-av_iconfont='entypo-fontello' ><\/span><\/span><br \/>\n<div style='height:15px' class='hr hr-invisible '><span class='hr-inner ' ><span class='hr-inner-style'><\/span><\/span><\/div><br \/>\n<section class=\"av_textblock_section\"  itemscope=\"itemscope\" itemtype=\"https:\/\/schema.org\/CreativeWork\" ><div class='avia_textblock  av_inherit_color'  style='color:#d9a842; '  itemprop=\"text\" ><p style=\"text-align: center;\"><span style=\"color: #d8a741; font-size: 32px;\"><strong>Inventive<\/strong><\/span><\/p>\n<\/div><\/section><br \/>\n<section class=\"av_textblock_section\"  itemscope=\"itemscope\" itemtype=\"https:\/\/schema.org\/CreativeWork\" ><div class='avia_textblock  av_inherit_color'  style='color:#0f1827; '  itemprop=\"text\" ><p style=\"text-align: center;\"><span style=\"color: #0f1827;\"><span style=\"font-size: 16px;\"><strong>Fa\u00e7onner\u00a0<\/strong><\/span><span style=\"font-size: 16px;\"><strong>des solutions<\/strong><\/span><\/span><\/p>\n<p style=\"text-align: center;\"><span style=\"color: #0f1827;\"><span style=\"font-size: 16px;\"><strong>marketing &amp; communication<\/strong><\/span><\/span><\/p>\n<p style=\"text-align: center;\"><span style=\"font-size: 16px; color: #0f1827;\"><strong> qui vous r\u00e9v\u00e8lent.<\/strong><\/span><\/p>\n<\/div><\/section><\/p><\/div><div class=\"flex_column av_one_third  av-animated-generic fade-in  no_margin flex_column_div av-zero-column-padding   \" style='border-radius:0px; '><p><span class=\"av_font_icon avia_animate_when_visible av-icon-style-  avia-icon-pos-center \" style=\"color:#d8a741; border-color:#d8a741;\"><span class='av-icon-char' style='font-size:80px;line-height:80px;' aria-hidden='true' data-av_icon='\ue8c5' data-av_iconfont='entypo-fontello' ><\/span><\/span><br \/>\n<div style='height:15px' class='hr hr-invisible '><span class='hr-inner ' ><span class='hr-inner-style'><\/span><\/span><\/div><br \/>\n<section class=\"av_textblock_section\"  itemscope=\"itemscope\" itemtype=\"https:\/\/schema.org\/CreativeWork\" ><div class='avia_textblock  av_inherit_color'  style='color:#d9a842; '  itemprop=\"text\" ><p style=\"text-align: center;\"><span style=\"color: #d8a741; font-size: 32px;\"><b>Tonifiante<\/b><\/span><\/p>\n<\/div><\/section><br \/>\n<section class=\"av_textblock_section\"  itemscope=\"itemscope\" itemtype=\"https:\/\/schema.org\/CreativeWork\" ><div class='avia_textblock  av_inherit_color'   itemprop=\"text\" ><p style=\"text-align: center;\"><span style=\"color: #0f1827;\"><span style=\"font-weight: bold; font-size: 16px;\"><strong>Structurer votre <\/strong><\/span><strong><span style=\"font-size: 16px;\">strat\u00e9gie,<\/span><\/strong><\/span><\/p>\n<p style=\"text-align: center;\"><span style=\"color: #0f1827;\"><strong><span style=\"font-size: 16px;\">piloter le d\u00e9ploiement<\/span><\/strong><\/span><\/p>\n<p style=\"text-align: center;\"><span style=\"color: #0f1827;\"><span style=\"font-size: 16px;\"><strong>et\u00a0dynamiser <\/strong><\/span><span style=\"font-size: 16px;\"><strong>votre chiffre d\u2019affaires.<\/strong><\/span><\/span><\/p>\n<\/div><\/section><\/p><\/div><div style='height:30px' class='hr hr-invisible '><span class='hr-inner ' ><span class='hr-inner-style'><\/span><\/span><\/div>\n<section class=\"av_textblock_section\"  itemscope=\"itemscope\" itemtype=\"https:\/\/schema.org\/CreativeWork\" ><div class='avia_textblock '   itemprop=\"text\" ><p style=\"text-align: center;\"><span style=\"font-size: 20px;\"><span style=\"font-weight: 400;\">\ud83d\udcac <\/span>En savoir plus sur mes r\u00e9alisations, <a href=\"https:\/\/agatemarketing.fr\/index.php\/nos-services\/\" target=\"_blank\" rel=\"noopener\">c&rsquo;est par ici !<\/a><\/span><\/p>\n<\/div><\/section>\n<div style=' margin-top:30px; margin-bottom:30px;'  class='hr hr-custom hr-center hr-icon-yes '><span class='hr-inner   inner-border-av-border-thin' style=' width:100px; border-color:#d9a842;' ><span class='hr-inner-style'><\/span><\/span><span class='av-seperator-icon'  aria-hidden='true' data-av_icon='\ue86f' data-av_iconfont='entypo-fontello'><\/span><span class='hr-inner   inner-border-av-border-thin' style=' width:100px; border-color:#d9a842;' ><span class='hr-inner-style'><\/span><\/span><\/div>\n<div style='height:30px' class='hr hr-invisible '><span class='hr-inner ' ><span class='hr-inner-style'><\/span><\/span><\/div>\n<section class=\"av_textblock_section\"  itemscope=\"itemscope\" itemtype=\"https:\/\/schema.org\/CreativeWork\" ><div class='avia_textblock  av_inherit_color'   itemprop=\"text\" ><p style=\"text-align: left;\"><a href=\"https:\/\/www.facebook.com\/Agatemarketing\" target=\"_blank\" rel=\"noopener\"><img loading=\"lazy\" class=\"wp-image-2037 alignleft\" style=\"color: #d9a800; font-size: 12px;\" src=\"https:\/\/agatemarketing.fr\/wp-content\/uploads\/2021\/05\/facebook-HD-300x300.png\" alt=\"\" width=\"24\" height=\"24\" srcset=\"https:\/\/agatemarketing.fr\/wp-content\/uploads\/2021\/05\/facebook-HD-300x300.png 300w, https:\/\/agatemarketing.fr\/wp-content\/uploads\/2021\/05\/facebook-HD-80x80.png 80w, https:\/\/agatemarketing.fr\/wp-content\/uploads\/2021\/05\/facebook-HD-36x36.png 36w, https:\/\/agatemarketing.fr\/wp-content\/uploads\/2021\/05\/facebook-HD-180x180.png 180w, https:\/\/agatemarketing.fr\/wp-content\/uploads\/2021\/05\/facebook-HD-120x120.png 120w, https:\/\/agatemarketing.fr\/wp-content\/uploads\/2021\/05\/facebook-HD-450x450.png 450w, https:\/\/agatemarketing.fr\/wp-content\/uploads\/2021\/05\/facebook-HD.png 512w\" sizes=\"(max-width: 24px) 100vw, 24px\" \/><\/a><a href=\"https:\/\/www.instagram.com\/agate_mkg\/?hl=fr\"><img loading=\"lazy\" class=\"alignleft wp-image-2038\" style=\"color: #d9a800; font-size: 12px;\" src=\"https:\/\/agatemarketing.fr\/wp-content\/uploads\/2021\/05\/instagram-HD-300x300.png\" alt=\"\" width=\"25\" height=\"25\" srcset=\"https:\/\/agatemarketing.fr\/wp-content\/uploads\/2021\/05\/instagram-HD-300x300.png 300w, https:\/\/agatemarketing.fr\/wp-content\/uploads\/2021\/05\/instagram-HD-80x80.png 80w, https:\/\/agatemarketing.fr\/wp-content\/uploads\/2021\/05\/instagram-HD-36x36.png 36w, https:\/\/agatemarketing.fr\/wp-content\/uploads\/2021\/05\/instagram-HD-180x180.png 180w, https:\/\/agatemarketing.fr\/wp-content\/uploads\/2021\/05\/instagram-HD-120x120.png 120w, https:\/\/agatemarketing.fr\/wp-content\/uploads\/2021\/05\/instagram-HD-450x450.png 450w, https:\/\/agatemarketing.fr\/wp-content\/uploads\/2021\/05\/instagram-HD.png 512w\" sizes=\"(max-width: 25px) 100vw, 25px\" \/><\/a><\/p>\n<p style=\"text-align: right;\"><span style=\"font-size: 12px; color: #d9a842;\">Site cr\u00e9\u00e9 par Agate marketing, Avermes (03) \/<\/span> <a href=\"https:\/\/agatemarketing.fr\/index.php\/mentions-legales\/\" target=\"_blank\" rel=\"noopener\">Mentions l\u00e9gales<\/a><span style=\"font-size: 12px;\"><span style=\"font-size: 12px;\"><a href=\"https:\/\/www.linkedin.com\/company\/agatemarketing\/\"><img loading=\"lazy\" class=\"wp-image-2039 alignleft\" src=\"https:\/\/agatemarketing.fr\/wp-content\/uploads\/2021\/05\/linkedin-HD-300x300.png\" alt=\"\" width=\"26\" height=\"26\" srcset=\"https:\/\/agatemarketing.fr\/wp-content\/uploads\/2021\/05\/linkedin-HD-300x300.png 300w, https:\/\/agatemarketing.fr\/wp-content\/uploads\/2021\/05\/linkedin-HD-80x80.png 80w, https:\/\/agatemarketing.fr\/wp-content\/uploads\/2021\/05\/linkedin-HD-36x36.png 36w, https:\/\/agatemarketing.fr\/wp-content\/uploads\/2021\/05\/linkedin-HD-180x180.png 180w, https:\/\/agatemarketing.fr\/wp-content\/uploads\/2021\/05\/linkedin-HD-120x120.png 120w, https:\/\/agatemarketing.fr\/wp-content\/uploads\/2021\/05\/linkedin-HD-450x450.png 450w, https:\/\/agatemarketing.fr\/wp-content\/uploads\/2021\/05\/linkedin-HD.png 512w\" sizes=\"(max-width: 26px) 100vw, 26px\" \/><\/a><\/span><\/span><\/p>\n<\/div><\/section>\n<\/div><\/div><\/div><!-- close content main div --><\/div><\/div><div id='after_section_1' class='main_color av_default_container_wrap container_wrap sidebar_right'   ><div class='container' ><div class='template-page content  av-content-small alpha units'><div class='post-entry post-entry-type-page post-entry-24'><div class='entry-content-wrapper clearfix'>\n","protected":false},"excerpt":{"rendered":"","protected":false},"author":1,"featured_media":0,"parent":0,"menu_order":0,"comment_status":"closed","ping_status":"closed","template":"","meta":[],"yoast_head":"<!-- This site is optimized with the Yoast SEO plugin v16.4 - https:\/\/yoast.com\/wordpress\/plugins\/seo\/ -->\n<title>A propos Agate marketing | Agate marketing, conseil marketing<\/title>\n<meta name=\"description\" content=\"A propos d&#039;Agate marketing : conseil en marketing et communication aupr\u00e8s des entreprises pour d\u00e9velopper visibilit\u00e9 et chiffre d&#039;affaires.\" \/>\n<meta name=\"robots\" content=\"index, follow, max-snippet:-1, max-image-preview:large, max-video-preview:-1\" \/>\n<link rel=\"canonical\" href=\"https:\/\/agatemarketing.fr\/index.php\/products\/\" \/>\n<meta property=\"og:locale\" content=\"fr_FR\" \/>\n<meta property=\"og:type\" content=\"article\" \/>\n<meta property=\"og:title\" content=\"A propos Agate marketing | Agate marketing, conseil marketing\" \/>\n<meta property=\"og:description\" content=\"A propos d&#039;Agate marketing : conseil en marketing et communication aupr\u00e8s des entreprises pour d\u00e9velopper visibilit\u00e9 et chiffre d&#039;affaires.\" \/>\n<meta property=\"og:url\" content=\"https:\/\/agatemarketing.fr\/index.php\/products\/\" \/>\n<meta property=\"og:site_name\" content=\"Agate marketing\" \/>\n<meta property=\"article:modified_time\" content=\"2025-11-27T14:46:21+00:00\" \/>\n<meta property=\"og:image\" content=\"https:\/\/agatemarketing.fr\/wp-content\/uploads\/2021\/05\/facebook-HD-300x300.png\" \/>\n<meta name=\"twitter:card\" content=\"summary_large_image\" \/>\n<meta name=\"twitter:label1\" content=\"Dur\u00e9e de lecture est.\" \/>\n\t<meta name=\"twitter:data1\" content=\"4 minutes\" \/>\n<script type=\"application\/ld+json\" class=\"yoast-schema-graph\">{\"@context\":\"https:\/\/schema.org\",\"@graph\":[{\"@type\":\"WebSite\",\"@id\":\"https:\/\/agatemarketing.fr\/#website\",\"url\":\"https:\/\/agatemarketing.fr\/\",\"name\":\"Agate marketing\",\"description\":\"I got marketing !\",\"potentialAction\":[{\"@type\":\"SearchAction\",\"target\":\"https:\/\/agatemarketing.fr\/?s={search_term_string}\",\"query-input\":\"required name=search_term_string\"}],\"inLanguage\":\"fr-FR\"},{\"@type\":\"ImageObject\",\"@id\":\"https:\/\/agatemarketing.fr\/index.php\/products\/#primaryimage\",\"inLanguage\":\"fr-FR\",\"url\":\"https:\/\/agatemarketing.fr\/wp-content\/uploads\/2021\/05\/facebook-HD.png\",\"contentUrl\":\"https:\/\/agatemarketing.fr\/wp-content\/uploads\/2021\/05\/facebook-HD.png\",\"width\":512,\"height\":512},{\"@type\":\"WebPage\",\"@id\":\"https:\/\/agatemarketing.fr\/index.php\/products\/#webpage\",\"url\":\"https:\/\/agatemarketing.fr\/index.php\/products\/\",\"name\":\"A propos Agate marketing | Agate marketing, conseil marketing\",\"isPartOf\":{\"@id\":\"https:\/\/agatemarketing.fr\/#website\"},\"primaryImageOfPage\":{\"@id\":\"https:\/\/agatemarketing.fr\/index.php\/products\/#primaryimage\"},\"datePublished\":\"2015-02-22T20:09:44+00:00\",\"dateModified\":\"2025-11-27T14:46:21+00:00\",\"description\":\"A propos d'Agate marketing : conseil en marketing et communication aupr\\u00e8s des entreprises pour d\\u00e9velopper visibilit\\u00e9 et chiffre d'affaires.\",\"breadcrumb\":{\"@id\":\"https:\/\/agatemarketing.fr\/index.php\/products\/#breadcrumb\"},\"inLanguage\":\"fr-FR\",\"potentialAction\":[{\"@type\":\"ReadAction\",\"target\":[\"https:\/\/agatemarketing.fr\/index.php\/products\/\"]}]},{\"@type\":\"BreadcrumbList\",\"@id\":\"https:\/\/agatemarketing.fr\/index.php\/products\/#breadcrumb\",\"itemListElement\":[{\"@type\":\"ListItem\",\"position\":1,\"item\":{\"@type\":\"WebPage\",\"@id\":\"https:\/\/agatemarketing.fr\/index.php\/products\/\",\"url\":\"https:\/\/agatemarketing.fr\/index.php\/products\/\",\"name\":\"Home\"}},{\"@type\":\"ListItem\",\"position\":2,\"item\":{\"@id\":\"https:\/\/agatemarketing.fr\/index.php\/products\/#webpage\"}}]}]}<\/script>\n<!-- \/ Yoast SEO plugin. -->","_links":{"self":[{"href":"https:\/\/agatemarketing.fr\/index.php\/wp-json\/wp\/v2\/pages\/24"}],"collection":[{"href":"https:\/\/agatemarketing.fr\/index.php\/wp-json\/wp\/v2\/pages"}],"about":[{"href":"https:\/\/agatemarketing.fr\/index.php\/wp-json\/wp\/v2\/types\/page"}],"author":[{"embeddable":true,"href":"https:\/\/agatemarketing.fr\/index.php\/wp-json\/wp\/v2\/users\/1"}],"replies":[{"embeddable":true,"href":"https:\/\/agatemarketing.fr\/index.php\/wp-json\/wp\/v2\/comments?post=24"}],"version-history":[{"count":480,"href":"https:\/\/agatemarketing.fr\/index.php\/wp-json\/wp\/v2\/pages\/24\/revisions"}],"predecessor-version":[{"id":2520,"href":"https:\/\/agatemarketing.fr\/index.php\/wp-json\/wp\/v2\/pages\/24\/revisions\/2520"}],"wp:attachment":[{"href":"https:\/\/agatemarketing.fr\/index.php\/wp-json\/wp\/v2\/media?parent=24"}],"curies":[{"name":"wp","href":"https:\/\/api.w.org\/{rel}","templated":true}]}}